{"id":132,"date":"2019-01-21T15:49:01","date_gmt":"2019-01-21T14:49:01","guid":{"rendered":"https:\/\/hirn-und-ohr.ch\/?page_id=132"},"modified":"2019-02-25T14:44:52","modified_gmt":"2019-02-25T13:44:52","slug":"hirn","status":"publish","type":"page","link":"https:\/\/www.hirn-und-ohr.ch\/?page_id=132","title":{"rendered":"Hirn"},"content":{"rendered":"\t\t<div data-elementor-type=\"wp-post\" data-elementor-id=\"132\" class=\"elementor elementor-132 elementor-bc-flex-widget\" data-elementor-settings=\"[]\">\n\t\t\t\t\t\t<div class=\"elementor-inner\">\n\t\t\t\t\t\t\t<div class=\"elementor-section-wrap\">\n\t\t\t\t\t\t\t<section class=\"elementor-section elementor-top-section elementor-element elementor-element-323ab8c elementor-section-boxed elementor-section-height-default elementor-section-height-default\" data-id=\"323ab8c\" data-element_type=\"section\">\n\t\t\t\t\t\t<div class=\"elementor-container elementor-column-gap-default\">\n\t\t\t\t\t\t\t<div class=\"elementor-row\">\n\t\t\t\t\t<div class=\"elementor-column elementor-col-100 elementor-top-column elementor-element elementor-element-ca01f95\" data-id=\"ca01f95\" data-element_type=\"column\">\n\t\t\t<div class=\"elementor-column-wrap elementor-element-populated\">\n\t\t\t\t\t\t\t<div class=\"elementor-widget-wrap\">\n\t\t\t\t\t\t<div class=\"elementor-element elementor-element-e4e46a3 elementor-widget elementor-widget-heading\" data-id=\"e4e46a3\" data-element_type=\"widget\" data-widget_type=\"heading.default\">\n\t\t\t\t<div class=\"elementor-widget-container\">\n\t\t\t<h2 class=\"elementor-heading-title elementor-size-default\">Hirn<\/h2>\t\t<\/div>\n\t\t\t\t<\/div>\n\t\t\t\t\t\t<\/div>\n\t\t\t\t\t<\/div>\n\t\t<\/div>\n\t\t\t\t\t\t\t\t<\/div>\n\t\t\t\t\t<\/div>\n\t\t<\/section>\n\t\t\t\t<section class=\"elementor-section elementor-top-section elementor-element elementor-element-d8fe3e6 elementor-section-boxed elementor-section-height-default elementor-section-height-default\" data-id=\"d8fe3e6\" data-element_type=\"section\">\n\t\t\t\t\t\t<div class=\"elementor-container elementor-column-gap-default\">\n\t\t\t\t\t\t\t<div class=\"elementor-row\">\n\t\t\t\t\t<div class=\"elementor-column elementor-col-100 elementor-top-column elementor-element elementor-element-04fa94d\" data-id=\"04fa94d\" data-element_type=\"column\">\n\t\t\t<div class=\"elementor-column-wrap elementor-element-populated\">\n\t\t\t\t\t\t\t<div class=\"elementor-widget-wrap\">\n\t\t\t\t\t\t<div class=\"elementor-element elementor-element-ae484ce elementor-widget elementor-widget-text-editor\" data-id=\"ae484ce\" data-element_type=\"widget\" data-widget_type=\"text-editor.default\">\n\t\t\t\t<div class=\"elementor-widget-container\">\n\t\t\t\t\t<div class=\"elementor-text-editor elementor-clearfix\"><p>Vergesslichkeit und Unkonzentriertheit sind unliebsame Begleiter des \u00c4lterwerdens. Sie k\u00f6nne aktiv etwas dagegen tun: Bei Hirn &amp; Ohr k\u00f6nnen Sie in entspannter Atmosph\u00e4re und in kleinen Gruppen verschiedenste \u00dcbungen ausprobieren und Ihr Gehirn dabei fordern.\u00a0<\/p><p><b>Ganzheitliches Ged\u00e4chtnistraining<\/b><\/p><p>Das ganzheitliche Ged\u00e4chtnistraining hat zum Ziel, die Leistung des Gehirns bis ins hohe Alter zu erhalten und spricht K\u00f6rper, Geist und Seele an. Dank der Plastizit\u00e4t des Gehirns, kann mit regelm\u00e4ssigem Training die geistige Leistungsf\u00e4hig gezielt beeinflusst werden. Plastizit\u00e4t ist die Eigenschaft einzelner Synapsen, Nervenzellen und ganzer Gehirnareale, sich in Abh\u00e4ngigkeit ihrer Nutzung zu ver\u00e4ndern. Unser Ged\u00e4chtnis ist so individuell, wie jeder einzelne Mensch: Ganzheitliches Ged\u00e4chtnistraining passt sich an die individuelle Leistungsf\u00e4higkeit an.<\/p><p><span style=\"font-size: 12.0pt; font-family: 'Arial',sans-serif;\">Das Ged\u00e4chtnistraining ist ganzheitlich, das heisst, es werden alle Sinne und beide Hirnh\u00e4lften angesprochen, die Leistung des Gehirns wird dadurch nachweislich gesteigert. Durch Kontinuit\u00e4t und Regelm\u00e4ssigkeit k\u00f6nnen wichtige Funktionen erhalten und bereits eingeschlafene Sinne wieder aktiviert werden. Das ganzheitliche Ged\u00e4chtnistraining ist umfassend und bietet gerade in der Gruppe die M\u00f6glichkeit, mit gezielten \u00dcbungen verschiedene Bereiche innerhalb einer \u00dcbungseinheit zu trainieren. In einer \u00dcbungseinheit werden m\u00f6glichst viele Hirnleistungen angesprochen: \u00dcbungen zur Aufmerksamkeitssteigerung, \u00dcbungen zur Konzentration, Merken und Einpr\u00e4gen werden anhand von gezielten Techniken verbessert, das r\u00e4umliche Vorstellungsverm\u00f6gen wird trainiert, die Sprachkompetenz durch Wortschatz- und Wortfindungs\u00fcbungen erhalten und verbessert. <\/span><\/p><p><span style=\"font-size: 13.0pt; font-family: 'Arial',sans-serif; color: #404040; mso-themecolor: text1; mso-themetint: 191;\">Zitat: \u2018Alt werden ist immer noch die einzige M\u00f6glichkeit, lange zu leben (Hugo von Hofmannsthal).\u2019<\/span><\/p><p><span style=\"font-size: 12.0pt; font-family: 'Arial',sans-serif;\">Mit ganzheitlichem Ged\u00e4chtnistraining k\u00f6nnen Sie selbst mitbestimmen, wie Sie alt werden wollen. Kommen Sie in eine Schnupperstunde bei <\/span><span style=\"font-size: 14.0pt; font-family: 'Arial',sans-serif; color: #767171; mso-themecolor: background2; mso-themeshade: 128;\">Hirn&amp;Ohr<\/span><span style=\"font-size: 12.0pt; font-family: 'Arial',sans-serif;\">\u00a0<\/span><a style=\"font-size: 14px; background-color: #ffffff;\" href=\"https:\/\/hirn-und-ohr.ch\/?page_id=16\" target=\"_blank\" rel=\"noopener\">(link zu den Kursen)<\/a><\/p><\/div>\n\t\t\t\t<\/div>\n\t\t\t\t<\/div>\n\t\t\t\t\t\t<\/div>\n\t\t\t\t\t<\/div>\n\t\t<\/div>\n\t\t\t\t\t\t\t\t<\/div>\n\t\t\t\t\t<\/div>\n\t\t<\/section>\n\t\t\t\t\t\t<\/div>\n\t\t\t\t\t\t<\/div>\n\t\t\t\t\t<\/div>\n\t\t","protected":false},"excerpt":{"rendered":"<p>Hirn Vergesslichkeit und Unkonzentriertheit sind unliebsame Begleiter des \u00c4lterwerdens. Sie k\u00f6nne aktiv etwas dagegen tun: Bei Hirn &amp; Ohr k\u00f6nnen Sie in entspannter Atmosph\u00e4re und in kleinen Gruppen verschiedenste \u00dcbungen ausprobieren und Ihr Gehirn dabei fordern.\u00a0 Ganzheitliches Ged\u00e4chtnistraining Das ganzheitliche Ged\u00e4chtnistraining hat zum Ziel, die Leistung des Gehirns bis ins hohe Alter zu erhalten und [&hellip;]<\/p>\n","protected":false},"author":1,"featured_media":0,"parent":0,"menu_order":0,"comment_status":"closed","ping_status":"closed","template":"","meta":[],"_links":{"self":[{"href":"https:\/\/www.hirn-und-ohr.ch\/index.php?rest_route=\/wp\/v2\/pages\/132"}],"collection":[{"href":"https:\/\/www.hirn-und-ohr.ch\/index.php?rest_route=\/wp\/v2\/pages"}],"about":[{"href":"https:\/\/www.hirn-und-ohr.ch\/index.php?rest_route=\/wp\/v2\/types\/page"}],"author":[{"embeddable":true,"href":"https:\/\/www.hirn-und-ohr.ch\/index.php?rest_route=\/wp\/v2\/users\/1"}],"replies":[{"embeddable":true,"href":"https:\/\/www.hirn-und-ohr.ch\/index.php?rest_route=%2Fwp%2Fv2%2Fcomments&post=132"}],"version-history":[{"count":4,"href":"https:\/\/www.hirn-und-ohr.ch\/index.php?rest_route=\/wp\/v2\/pages\/132\/revisions"}],"predecessor-version":[{"id":205,"href":"https:\/\/www.hirn-und-ohr.ch\/index.php?rest_route=\/wp\/v2\/pages\/132\/revisions\/205"}],"wp:attachment":[{"href":"https:\/\/www.hirn-und-ohr.ch\/index.php?rest_route=%2Fwp%2Fv2%2Fmedia&parent=132"}],"curies":[{"name":"wp","href":"https:\/\/api.w.org\/{rel}","templated":true}]}}