{"id":135,"date":"2019-01-21T15:49:28","date_gmt":"2019-01-21T14:49:28","guid":{"rendered":"https:\/\/hirn-und-ohr.ch\/?page_id=135"},"modified":"2019-05-01T22:09:16","modified_gmt":"2019-05-01T20:09:16","slug":"ohr","status":"publish","type":"page","link":"https:\/\/www.hirn-und-ohr.ch\/?page_id=135","title":{"rendered":"Ohr"},"content":{"rendered":"\t\t<div data-elementor-type=\"wp-post\" data-elementor-id=\"135\" class=\"elementor elementor-135\" data-elementor-settings=\"[]\">\n\t\t\t\t\t\t<div class=\"elementor-inner\">\n\t\t\t\t\t\t\t<div class=\"elementor-section-wrap\">\n\t\t\t\t\t\t\t<section class=\"elementor-section elementor-top-section elementor-element elementor-element-ae5613c elementor-section-boxed elementor-section-height-default elementor-section-height-default\" data-id=\"ae5613c\" data-element_type=\"section\">\n\t\t\t\t\t\t<div class=\"elementor-container elementor-column-gap-default\">\n\t\t\t\t\t\t\t<div class=\"elementor-row\">\n\t\t\t\t\t<div class=\"elementor-column elementor-col-100 elementor-top-column elementor-element elementor-element-74b39fe\" data-id=\"74b39fe\" data-element_type=\"column\">\n\t\t\t<div class=\"elementor-column-wrap elementor-element-populated\">\n\t\t\t\t\t\t\t<div class=\"elementor-widget-wrap\">\n\t\t\t\t\t\t<div class=\"elementor-element elementor-element-055357b elementor-widget elementor-widget-heading\" data-id=\"055357b\" data-element_type=\"widget\" data-widget_type=\"heading.default\">\n\t\t\t\t<div class=\"elementor-widget-container\">\n\t\t\t<h2 class=\"elementor-heading-title elementor-size-default\">Ohr<\/h2>\t\t<\/div>\n\t\t\t\t<\/div>\n\t\t\t\t\t\t<\/div>\n\t\t\t\t\t<\/div>\n\t\t<\/div>\n\t\t\t\t\t\t\t\t<\/div>\n\t\t\t\t\t<\/div>\n\t\t<\/section>\n\t\t\t\t<section class=\"elementor-section elementor-top-section elementor-element elementor-element-6efeff3 elementor-section-boxed elementor-section-height-default elementor-section-height-default\" data-id=\"6efeff3\" data-element_type=\"section\">\n\t\t\t\t\t\t<div class=\"elementor-container elementor-column-gap-default\">\n\t\t\t\t\t\t\t<div class=\"elementor-row\">\n\t\t\t\t\t<div class=\"elementor-column elementor-col-100 elementor-top-column elementor-element elementor-element-137d5d1\" data-id=\"137d5d1\" data-element_type=\"column\">\n\t\t\t<div class=\"elementor-column-wrap elementor-element-populated\">\n\t\t\t\t\t\t\t<div class=\"elementor-widget-wrap\">\n\t\t\t\t\t\t<div class=\"elementor-element elementor-element-595b324 elementor-widget elementor-widget-text-editor\" data-id=\"595b324\" data-element_type=\"widget\" data-widget_type=\"text-editor.default\">\n\t\t\t\t<div class=\"elementor-widget-container\">\n\t\t\t\t\t<div class=\"elementor-text-editor elementor-clearfix\"><p class=\"MsoNormal\" style=\"margin-bottom: 15.0pt; line-height: normal;\"><span lang=\"DE\" style=\"font-size: 12.0pt; font-family: 'Times New Roman',serif; mso-fareast-font-family: 'Times New Roman'; color: #929292; mso-ansi-language: DE; mso-fareast-language: DE-CH;\">Schwerh\u00f6rigkeit kann Demenz beg\u00fcnstigen. Forscher haben den direkten Zusammenhang zwischen H\u00f6rverlust und dem R\u00fcckgang der kognitiven F\u00e4higkeiten best\u00e4tigt. In den H\u00f6rtrainingskursen mit Lippenlesen bei <\/span><span lang=\"DE\" style=\"font-size: 14.0pt; font-family: 'Times New Roman',serif; mso-fareast-font-family: 'Times New Roman'; color: #929292; mso-ansi-language: DE; mso-fareast-language: DE-CH;\">Hirn &amp; Ohr<\/span><span lang=\"DE\" style=\"font-size: 12.0pt; font-family: 'Times New Roman',serif; mso-fareast-font-family: 'Times New Roman'; color: #929292; mso-ansi-language: DE; mso-fareast-language: DE-CH;\"> erhalten Sie sich Ihre kognitiven F\u00e4higkeiten.<\/span><\/p><p class=\"MsoNormal\" style=\"margin-bottom: 15.0pt; line-height: normal;\"><b><span lang=\"DE\" style=\"font-size: 10.5pt; font-family: 'Arial',sans-serif; mso-fareast-font-family: 'Times New Roman'; color: #929292; mso-ansi-language: DE; mso-fareast-language: DE-CH;\">Vom Lippenlesen zum umfassenden Verst\u00e4ndigungstraining<\/span><\/b><\/p><p class=\"MsoNormal\" style=\"margin-bottom: 15.0pt; line-height: normal;\"><span lang=\"DE\" style=\"font-size: 10.5pt; font-family: 'Arial',sans-serif; mso-fareast-font-family: 'Times New Roman'; color: #929292; mso-ansi-language: DE; mso-fareast-language: DE-CH;\">Unmerklich, aber stetig beginnt das H\u00f6rverm\u00f6gen bereits ab dem mittleren Lebensalter aufgrund besch\u00e4digter und nicht mehr funktionst\u00fcchtiger Haarzellen abzunehmen. Dieser Verlust wirkt sich auf die H\u00f6rf\u00e4higkeit aus, Gespr\u00e4che in l\u00e4rmiger Umgebung werden immer anstrengender. Unweigerlich zieht man sich aus dem sozialen und kulturellen Geschehen zur\u00fcck, wird sozial isoliert. Ein Teufelskreis: Ausgerechnet der Sinn, der nur durch \u00e4ussere Anreize erhalten werden kann (H\u00f6rsinn), baut weiter ab. Viele Hirnregionen werden dadurch nicht mehr aktiv mit Impulsen versorgt und bauen ebenfalls ab.<\/span><\/p><p class=\"MsoNormal\" style=\"margin-bottom: 15.0pt; line-height: normal;\"><span lang=\"DE\" style=\"font-size: 10.5pt; font-family: 'Arial',sans-serif; mso-fareast-font-family: 'Times New Roman'; color: #929292; mso-ansi-language: DE; mso-fareast-language: DE-CH;\">Der Mensch h\u00f6rt nicht nur mit den Ohren, sondern auch mit dem Gehirn. Insbesondere bei \u00e4lteren Menschen gleicht das Gehirn durch gr\u00f6ssere Anstrengung die nachlassende Qualit\u00e4t des Geh\u00f6rs aus. Diese Erkenntnis hat f\u00fcr das Verst\u00e4ndnis von H\u00f6ren im Alter grosse Bedeutung. Ein Audiogramm misst zwar die H\u00f6rbarkeit, nicht aber die Verst\u00e4ndlichkeit der Sprache. Die Kurse bei Hirn &amp; Ohr bieten einen optimalen Ansatz, um einer Geh\u00f6rverschlechterung entgegen zu wirken. Gemeinsam mit Gleichgesinnten und mit einer individuell angepassten H\u00f6rhilfe ist dies eine abwechslungsreiche M\u00f6glichkeit um einer Geh\u00f6rverschlechterung entgegen zu wirken. Die Kurse bieten zudem noch einiges mehr: Sie bleiben geistig fit und wirken so dem Abbau Ihrer \u00a0Sinnesfunktionen entgegen.<\/span><\/p><p class=\"MsoNormal\">\u00a0<\/p><p class=\"MsoNormal\" style=\"margin-bottom: 15.0pt; line-height: normal;\"><span lang=\"DE\" style=\"font-size: 10.5pt; font-family: 'Arial',sans-serif; mso-fareast-font-family: 'Times New Roman'; color: #929292; mso-ansi-language: DE; mso-fareast-language: DE-CH;\">Mit den Ohren kann man nicht denken, mit einem trainierten Gehirn jedoch besser H\u00f6ren!<\/span><\/p><p>Wieso dies so ist, erfahren Sie in den Kursen bei Hirn&amp;Ohr.\u00a0<a style=\"font-size: 14px; background-color: #ffffff;\" href=\"https:\/\/hirn-und-ohr.ch\/?page_id=16\" target=\"_blank\" rel=\"noopener\">(Link zu den Kursen)<\/a><\/p><\/div>\n\t\t\t\t<\/div>\n\t\t\t\t<\/div>\n\t\t\t\t\t\t<\/div>\n\t\t\t\t\t<\/div>\n\t\t<\/div>\n\t\t\t\t\t\t\t\t<\/div>\n\t\t\t\t\t<\/div>\n\t\t<\/section>\n\t\t\t\t\t\t<\/div>\n\t\t\t\t\t\t<\/div>\n\t\t\t\t\t<\/div>\n\t\t","protected":false},"excerpt":{"rendered":"<p>Ohr Schwerh\u00f6rigkeit kann Demenz beg\u00fcnstigen. Forscher haben den direkten Zusammenhang zwischen H\u00f6rverlust und dem R\u00fcckgang der kognitiven F\u00e4higkeiten best\u00e4tigt. In den H\u00f6rtrainingskursen mit Lippenlesen bei Hirn &amp; Ohr erhalten Sie sich Ihre kognitiven F\u00e4higkeiten. Vom Lippenlesen zum umfassenden Verst\u00e4ndigungstraining Unmerklich, aber stetig beginnt das H\u00f6rverm\u00f6gen bereits ab dem mittleren Lebensalter aufgrund besch\u00e4digter und nicht mehr [&hellip;]<\/p>\n","protected":false},"author":1,"featured_media":0,"parent":0,"menu_order":0,"comment_status":"closed","ping_status":"closed","template":"","meta":[],"_links":{"self":[{"href":"https:\/\/www.hirn-und-ohr.ch\/index.php?rest_route=\/wp\/v2\/pages\/135"}],"collection":[{"href":"https:\/\/www.hirn-und-ohr.ch\/index.php?rest_route=\/wp\/v2\/pages"}],"about":[{"href":"https:\/\/www.hirn-und-ohr.ch\/index.php?rest_route=\/wp\/v2\/types\/page"}],"author":[{"embeddable":true,"href":"https:\/\/www.hirn-und-ohr.ch\/index.php?rest_route=\/wp\/v2\/users\/1"}],"replies":[{"embeddable":true,"href":"https:\/\/www.hirn-und-ohr.ch\/index.php?rest_route=%2Fwp%2Fv2%2Fcomments&post=135"}],"version-history":[{"count":6,"href":"https:\/\/www.hirn-und-ohr.ch\/index.php?rest_route=\/wp\/v2\/pages\/135\/revisions"}],"predecessor-version":[{"id":236,"href":"https:\/\/www.hirn-und-ohr.ch\/index.php?rest_route=\/wp\/v2\/pages\/135\/revisions\/236"}],"wp:attachment":[{"href":"https:\/\/www.hirn-und-ohr.ch\/index.php?rest_route=%2Fwp%2Fv2%2Fmedia&parent=135"}],"curies":[{"name":"wp","href":"https:\/\/api.w.org\/{rel}","templated":true}]}}