{"id":138,"date":"2019-01-21T15:50:10","date_gmt":"2019-01-21T14:50:10","guid":{"rendered":"https:\/\/hirn-und-ohr.ch\/?page_id=138"},"modified":"2019-02-25T14:46:49","modified_gmt":"2019-02-25T13:46:49","slug":"ci-hoertraining","status":"publish","type":"page","link":"https:\/\/www.hirn-und-ohr.ch\/?page_id=138","title":{"rendered":"CI-H\u00f6rtraining"},"content":{"rendered":"\t\t<div data-elementor-type=\"wp-post\" data-elementor-id=\"138\" class=\"elementor elementor-138 elementor-bc-flex-widget\" data-elementor-settings=\"[]\">\n\t\t\t\t\t\t<div class=\"elementor-inner\">\n\t\t\t\t\t\t\t<div class=\"elementor-section-wrap\">\n\t\t\t\t\t\t\t<section class=\"elementor-section elementor-top-section elementor-element elementor-element-fe1be52 elementor-section-boxed elementor-section-height-default elementor-section-height-default\" data-id=\"fe1be52\" data-element_type=\"section\">\n\t\t\t\t\t\t<div class=\"elementor-container elementor-column-gap-default\">\n\t\t\t\t\t\t\t<div class=\"elementor-row\">\n\t\t\t\t\t<div class=\"elementor-column elementor-col-100 elementor-top-column elementor-element elementor-element-3a7abe2\" data-id=\"3a7abe2\" data-element_type=\"column\">\n\t\t\t<div class=\"elementor-column-wrap elementor-element-populated\">\n\t\t\t\t\t\t\t<div class=\"elementor-widget-wrap\">\n\t\t\t\t\t\t<div class=\"elementor-element elementor-element-b03738e elementor-widget elementor-widget-heading\" data-id=\"b03738e\" data-element_type=\"widget\" data-widget_type=\"heading.default\">\n\t\t\t\t<div class=\"elementor-widget-container\">\n\t\t\t<h2 class=\"elementor-heading-title elementor-size-default\">CI-H\u00f6rtraining <\/h2>\t\t<\/div>\n\t\t\t\t<\/div>\n\t\t\t\t\t\t<\/div>\n\t\t\t\t\t<\/div>\n\t\t<\/div>\n\t\t\t\t\t\t\t\t<\/div>\n\t\t\t\t\t<\/div>\n\t\t<\/section>\n\t\t\t\t<section class=\"elementor-section elementor-top-section elementor-element elementor-element-07a811a elementor-section-boxed elementor-section-height-default elementor-section-height-default\" data-id=\"07a811a\" data-element_type=\"section\">\n\t\t\t\t\t\t<div class=\"elementor-container elementor-column-gap-default\">\n\t\t\t\t\t\t\t<div class=\"elementor-row\">\n\t\t\t\t\t<div class=\"elementor-column elementor-col-100 elementor-top-column elementor-element elementor-element-e75cc70\" data-id=\"e75cc70\" data-element_type=\"column\">\n\t\t\t<div class=\"elementor-column-wrap elementor-element-populated\">\n\t\t\t\t\t\t\t<div class=\"elementor-widget-wrap\">\n\t\t\t\t\t\t<div class=\"elementor-element elementor-element-5785616 elementor-widget elementor-widget-text-editor\" data-id=\"5785616\" data-element_type=\"widget\" data-widget_type=\"text-editor.default\">\n\t\t\t\t<div class=\"elementor-widget-container\">\n\t\t\t\t\t<div class=\"elementor-text-editor elementor-clearfix\"><p>Wenn das H\u00f6ren nach einer Cochlea-Implantation neu erlernt werden muss, braucht dies Geduld und eine fachlich kompetente Betreuung. In Zusammenarbeit mit der CI-Klinik betreue ich Sie als Ihre Audioagogin individuell und auf Sie massgeschneidert.\u00a0<\/p><p><b>CI-Training<\/b><\/p><p>H\u00f6rtraining nach der Cochlea Implantation<br \/>Das Cochlea-Implantat entschl\u00fcsselt die Signale und leitet sie \u00fcber das Elektrodenkabel in die Cochlea (H\u00f6rschnecke) weiter. Die elektrischen Impulse stimulieren den H\u00f6rnerv, der seinerseits Signale an das Gehirn weiterleitet. Das Gehirn entschl\u00fcsselt dann die empfangenen Signale als H\u00f6reindruck. Was am Anfang nach Roboterstimme klingt, wird durch gezieltes H\u00f6rtraining zu \u2018normalem\u2019 H\u00f6ren. Die Kosten f\u00fcr ein CI-H\u00f6rtraining werden in der Regel von der IV getragen: In den individuell auf Sie angepassten H\u00f6rtraining-Einzellektionen, wird Ihr Geh\u00f6r f\u00fcr die neuen Sinneseindr\u00fccke sensibilisiert und neu aufgebaut.<\/p><p>Eine CI-Versorgung ist dann angezeigt, wenn mittels bester herk\u00f6mmlicher schallverst\u00e4rkender H\u00f6rger\u00e4te kein ausreichendes Sprachverstehen mehr erzielt werden kann. Das ist bei zerst\u00f6rten Haarzellen der Fall. Die fr\u00fchere Aussage, dass ein CI nur f\u00fcr vollst\u00e4ndig ertaubte Menschen in Frage kommt, ist \u00fcberholt.<br \/>Erwachsene CI-Tragende erhalten ein H\u00f6rtraining, dass je nach Situation von der IV finanziert wird. Mein Training ist individuell auf Sie zugeschnitten, ich berate Sie gerne auch in Bezug auf Ihr Umfeld, in dem Sie sich sowohl privat, wie auch beruflich bewegen. Es braucht \u00dcbung und viel Geduld und Durchhalteverm\u00f6gen, wenn es gilt, die Wahrnehmung an fr\u00fchere H\u00f6rerinnerungen anzugleichen. Ein H\u00f6rtraining umfasst folgende Lern- und \u00dcbungsinhalte:<\/p><p>\u2022 Wahrnehmen und Erkennen von Umgebungsger\u00e4uschen<br \/>\u2022 Sprachverst\u00e4ndnis auf Wort- und Satzebene, Verst\u00e4ndnis von Texten<br \/>\u2022 Sprachverst\u00e4ndnis in komplexen Kommunikationssituationen<br \/>\u2022 Telefontraining<br \/>\u2022 Einsatz von technischen Zusatzger\u00e4ten, H\u00f6rtaktik usw.<br \/>\u2022 H\u00f6rtraining im St\u00f6rl\u00e4rm (Caf\u00e9, Strasse, Tram)<\/p><p>\u00a0 \u00a0 \u00a0 \u00a0 \u00a0<a style=\"font-size: 14px; background-color: #ffffff;\" href=\"http:\/\/CI-Training H\u00f6rtraining nach der Cochlea Implantation Das Cochlea-Implantat entschl\u00fcsselt die Signale und leitet sie \u00fcber das Elektrodenkabel in die Cochlea (H\u00f6rschnecke) weiter. Die elektrischen Impulse stimulieren den H\u00f6rnerv, der seinerseits Signale an das Gehirn weiterleitet. Das Gehirn entschl\u00fcsselt dann die empfangenen Signale als H\u00f6reindruck. Was am Anfang nach Roboterstimme klingt, wird durch gezieltes H\u00f6rtraining zu \u2018normalem\u2019 H\u00f6ren. Die Kosten f\u00fcr ein CI-H\u00f6rtraining werden in der Regel von der IV getragen: In den individuell auf Sie angepassten H\u00f6rtraining-Einzellektionen, wird Ihr Geh\u00f6r f\u00fcr die neuen Sinneseindr\u00fccke sensibilisiert und neu aufgebaut. weiterlesen: Eine CI-Versorgung ist dann angezeigt, wenn mittels bester herk\u00f6mmlicher schallverst\u00e4rkender H\u00f6rger\u00e4te kein ausreichendes Sprachverstehen mehr erzielt werden kann. Das ist bei zerst\u00f6rten Haarzellen der Fall. Die fr\u00fchere Aussage, dass ein CI nur f\u00fcr vollst\u00e4ndig ertaubte Menschen in Frage kommt, ist \u00fcberholt. Erwachsene CI-Tragende erhalten ein H\u00f6rtraining, dass je nach Situation von der IV finanziert wird. Mein Training ist individuell auf Sie zugeschnitten, ich berate Sie gerne auch in Bezug auf Ihr Umfeld, in dem Sie sich sowohl privat, wie auch beruflich bewegen. Es braucht \u00dcbung und viel Geduld und Durchhalteverm\u00f6gen, wenn es gilt, die Wahrnehmung an fr\u00fchere H\u00f6rerinnerungen anzugleichen. Ein H\u00f6rtraining umfasst folgende Lern- und \u00dcbungsinhalte: \u2022 Wahrnehmen und Erkennen von Umgebungsger\u00e4uschen \u2022 Sprachverst\u00e4ndnis auf Wort- und Satzebene, Verst\u00e4ndnis von Texten \u2022 Sprachverst\u00e4ndnis in komplexen Kommunikationssituationen \u2022 Telefontraining \u2022 Einsatz von technischen Zusatzger\u00e4ten, H\u00f6rtaktik usw. \u2022 H\u00f6rtraining im St\u00f6rl\u00e4rm (Caf\u00e9, Strasse, Tram)\" target=\"_blank\" rel=\"noopener\">Kurs Anmeldung<\/a><\/p><p>\u00a0<\/p><\/div>\n\t\t\t\t<\/div>\n\t\t\t\t<\/div>\n\t\t\t\t\t\t<\/div>\n\t\t\t\t\t<\/div>\n\t\t<\/div>\n\t\t\t\t\t\t\t\t<\/div>\n\t\t\t\t\t<\/div>\n\t\t<\/section>\n\t\t\t\t\t\t<\/div>\n\t\t\t\t\t\t<\/div>\n\t\t\t\t\t<\/div>\n\t\t","protected":false},"excerpt":{"rendered":"<p>CI-H\u00f6rtraining Wenn das H\u00f6ren nach einer Cochlea-Implantation neu erlernt werden muss, braucht dies Geduld und eine fachlich kompetente Betreuung. In Zusammenarbeit mit der CI-Klinik betreue ich Sie als Ihre Audioagogin individuell und auf Sie massgeschneidert.\u00a0 CI-Training H\u00f6rtraining nach der Cochlea ImplantationDas Cochlea-Implantat entschl\u00fcsselt die Signale und leitet sie \u00fcber das Elektrodenkabel in die Cochlea (H\u00f6rschnecke) [&hellip;]<\/p>\n","protected":false},"author":1,"featured_media":0,"parent":0,"menu_order":0,"comment_status":"closed","ping_status":"closed","template":"","meta":[],"_links":{"self":[{"href":"https:\/\/www.hirn-und-ohr.ch\/index.php?rest_route=\/wp\/v2\/pages\/138"}],"collection":[{"href":"https:\/\/www.hirn-und-ohr.ch\/index.php?rest_route=\/wp\/v2\/pages"}],"about":[{"href":"https:\/\/www.hirn-und-ohr.ch\/index.php?rest_route=\/wp\/v2\/types\/page"}],"author":[{"embeddable":true,"href":"https:\/\/www.hirn-und-ohr.ch\/index.php?rest_route=\/wp\/v2\/users\/1"}],"replies":[{"embeddable":true,"href":"https:\/\/www.hirn-und-ohr.ch\/index.php?rest_route=%2Fwp%2Fv2%2Fcomments&post=138"}],"version-history":[{"count":5,"href":"https:\/\/www.hirn-und-ohr.ch\/index.php?rest_route=\/wp\/v2\/pages\/138\/revisions"}],"predecessor-version":[{"id":211,"href":"https:\/\/www.hirn-und-ohr.ch\/index.php?rest_route=\/wp\/v2\/pages\/138\/revisions\/211"}],"wp:attachment":[{"href":"https:\/\/www.hirn-und-ohr.ch\/index.php?rest_route=%2Fwp%2Fv2%2Fmedia&parent=138"}],"curies":[{"name":"wp","href":"https:\/\/api.w.org\/{rel}","templated":true}]}}