{"id":143,"date":"2019-01-21T15:56:40","date_gmt":"2019-01-21T14:56:40","guid":{"rendered":"https:\/\/hirn-und-ohr.ch\/?page_id=143"},"modified":"2019-02-25T14:55:58","modified_gmt":"2019-02-25T13:55:58","slug":"ausbildung-berufsweg","status":"publish","type":"page","link":"https:\/\/www.hirn-und-ohr.ch\/?page_id=143","title":{"rendered":"Ausbildung &#038; Berufsweg"},"content":{"rendered":"\t\t<div data-elementor-type=\"wp-post\" data-elementor-id=\"143\" class=\"elementor elementor-143 elementor-bc-flex-widget\" data-elementor-settings=\"[]\">\n\t\t\t\t\t\t<div class=\"elementor-inner\">\n\t\t\t\t\t\t\t<div class=\"elementor-section-wrap\">\n\t\t\t\t\t\t\t<section class=\"elementor-section elementor-top-section elementor-element elementor-element-c506326 elementor-section-boxed elementor-section-height-default elementor-section-height-default\" data-id=\"c506326\" data-element_type=\"section\">\n\t\t\t\t\t\t<div class=\"elementor-container elementor-column-gap-default\">\n\t\t\t\t\t\t\t<div class=\"elementor-row\">\n\t\t\t\t\t<div class=\"elementor-column elementor-col-100 elementor-top-column elementor-element elementor-element-c5e3c2e\" data-id=\"c5e3c2e\" data-element_type=\"column\">\n\t\t\t<div class=\"elementor-column-wrap elementor-element-populated\">\n\t\t\t\t\t\t\t<div class=\"elementor-widget-wrap\">\n\t\t\t\t\t\t<div class=\"elementor-element elementor-element-d5e558d elementor-widget elementor-widget-heading\" data-id=\"d5e558d\" data-element_type=\"widget\" data-widget_type=\"heading.default\">\n\t\t\t\t<div class=\"elementor-widget-container\">\n\t\t\t<h1 class=\"elementor-heading-title elementor-size-default\">Ausbildung & Berufsweg<\/h1>\t\t<\/div>\n\t\t\t\t<\/div>\n\t\t\t\t\t\t<\/div>\n\t\t\t\t\t<\/div>\n\t\t<\/div>\n\t\t\t\t\t\t\t\t<\/div>\n\t\t\t\t\t<\/div>\n\t\t<\/section>\n\t\t\t\t<section class=\"elementor-section elementor-top-section elementor-element elementor-element-643addc elementor-section-boxed elementor-section-height-default elementor-section-height-default\" data-id=\"643addc\" data-element_type=\"section\">\n\t\t\t\t\t\t<div class=\"elementor-container elementor-column-gap-default\">\n\t\t\t\t\t\t\t<div class=\"elementor-row\">\n\t\t\t\t\t<div class=\"elementor-column elementor-col-100 elementor-top-column elementor-element elementor-element-43b2745\" data-id=\"43b2745\" data-element_type=\"column\">\n\t\t\t<div class=\"elementor-column-wrap elementor-element-populated\">\n\t\t\t\t\t\t\t<div class=\"elementor-widget-wrap\">\n\t\t\t\t\t\t<div class=\"elementor-element elementor-element-72999f0 elementor-widget-divider--view-line elementor-widget elementor-widget-divider\" data-id=\"72999f0\" data-element_type=\"widget\" data-widget_type=\"divider.default\">\n\t\t\t\t<div class=\"elementor-widget-container\">\n\t\t\t\t\t<div class=\"elementor-divider\">\n\t\t\t<span class=\"elementor-divider-separator\">\n\t\t\t\t\t\t<\/span>\n\t\t<\/div>\n\t\t\t\t<\/div>\n\t\t\t\t<\/div>\n\t\t\t\t<div class=\"elementor-element elementor-element-3e25683 elementor-invisible elementor-widget elementor-widget-heading\" data-id=\"3e25683\" data-element_type=\"widget\" data-settings=\"{&quot;_animation&quot;:&quot;fadeInDown&quot;}\" data-widget_type=\"heading.default\">\n\t\t\t\t<div class=\"elementor-widget-container\">\n\t\t\t<h2 class=\"elementor-heading-title elementor-size-default\">Person <\/h2>\t\t<\/div>\n\t\t\t\t<\/div>\n\t\t\t\t\t\t<\/div>\n\t\t\t\t\t<\/div>\n\t\t<\/div>\n\t\t\t\t\t\t\t\t<\/div>\n\t\t\t\t\t<\/div>\n\t\t<\/section>\n\t\t\t\t<section class=\"elementor-section elementor-top-section elementor-element elementor-element-da36bf5 elementor-section-boxed elementor-section-height-default elementor-section-height-default\" data-id=\"da36bf5\" data-element_type=\"section\">\n\t\t\t\t\t\t<div class=\"elementor-container elementor-column-gap-narrow\">\n\t\t\t\t\t\t\t<div class=\"elementor-row\">\n\t\t\t\t\t<div class=\"elementor-column elementor-col-33 elementor-top-column elementor-element elementor-element-5740d1d\" data-id=\"5740d1d\" data-element_type=\"column\">\n\t\t\t<div class=\"elementor-column-wrap elementor-element-populated\">\n\t\t\t\t\t\t\t<div class=\"elementor-widget-wrap\">\n\t\t\t\t\t\t<div class=\"elementor-element elementor-element-5714db2 animated-slow elementor-invisible elementor-widget elementor-widget-image\" data-id=\"5714db2\" data-element_type=\"widget\" data-settings=\"{&quot;_animation&quot;:&quot;fadeInUp&quot;,&quot;_animation_delay&quot;:200}\" data-widget_type=\"image.default\">\n\t\t\t\t<div class=\"elementor-widget-container\">\n\t\t\t\t\t<div class=\"elementor-image\">\n\t\t\t\t\t\t\t\t\t\t<img width=\"258\" height=\"300\" src=\"https:\/\/www.hirn-und-ohr.ch\/wp-content\/uploads\/2019\/02\/03afa9d9-7db4-48ae-ad17-85b681ba2c9c-258x300.jpg\" class=\"attachment-medium size-medium\" alt=\"Susan Linsig\" loading=\"lazy\" srcset=\"https:\/\/www.hirn-und-ohr.ch\/wp-content\/uploads\/2019\/02\/03afa9d9-7db4-48ae-ad17-85b681ba2c9c-258x300.jpg 258w, https:\/\/www.hirn-und-ohr.ch\/wp-content\/uploads\/2019\/02\/03afa9d9-7db4-48ae-ad17-85b681ba2c9c.jpg 573w\" sizes=\"(max-width: 258px) 100vw, 258px\" \/>\t\t\t\t\t\t\t\t\t\t\t<\/div>\n\t\t\t\t<\/div>\n\t\t\t\t<\/div>\n\t\t\t\t\t\t<\/div>\n\t\t\t\t\t<\/div>\n\t\t<\/div>\n\t\t\t\t<div class=\"elementor-column elementor-col-33 elementor-top-column elementor-element elementor-element-38568f8\" data-id=\"38568f8\" data-element_type=\"column\">\n\t\t\t<div class=\"elementor-column-wrap elementor-element-populated\">\n\t\t\t\t\t\t\t<div class=\"elementor-widget-wrap\">\n\t\t\t\t\t\t<div class=\"elementor-element elementor-element-39fa73b elementor-invisible elementor-widget elementor-widget-text-editor\" data-id=\"39fa73b\" data-element_type=\"widget\" data-settings=\"{&quot;_animation&quot;:&quot;fadeInLeft&quot;}\" data-widget_type=\"text-editor.default\">\n\t\t\t\t<div class=\"elementor-widget-container\">\n\t\t\t\t\t<div class=\"elementor-text-editor elementor-clearfix\"><p>Name\u00a0<br \/>Geburtsdatum<br \/>Sprachen<\/p><\/div>\n\t\t\t\t<\/div>\n\t\t\t\t<\/div>\n\t\t\t\t\t\t<\/div>\n\t\t\t\t\t<\/div>\n\t\t<\/div>\n\t\t\t\t<div class=\"elementor-column elementor-col-33 elementor-top-column elementor-element elementor-element-b3fdb76\" data-id=\"b3fdb76\" data-element_type=\"column\">\n\t\t\t<div class=\"elementor-column-wrap elementor-element-populated\">\n\t\t\t\t\t\t\t<div class=\"elementor-widget-wrap\">\n\t\t\t\t\t\t<div class=\"elementor-element elementor-element-7883f1e elementor-invisible elementor-widget elementor-widget-text-editor\" data-id=\"7883f1e\" data-element_type=\"widget\" data-settings=\"{&quot;_animation&quot;:&quot;fadeInRight&quot;}\" data-widget_type=\"text-editor.default\">\n\t\t\t\t<div class=\"elementor-widget-container\">\n\t\t\t\t\t<div class=\"elementor-text-editor elementor-clearfix\"><p>Susan Linsig Locher<br \/><span style=\"font-family: Roboto, sans-serif; font-size: 14px; font-style: normal; font-variant-ligatures: normal; font-variant-caps: normal; font-weight: 400;\">Ich bin am 25. Juni 1966 in Basel geboren<br \/><\/span><span style=\"font-size: 14px;\">Muttersprache Deutsch\u00a0<\/span>Fremdsprachen Englisch, Franz\u00f6sisch, Italienisch (Wort und Schrift)<\/p><\/div>\n\t\t\t\t<\/div>\n\t\t\t\t<\/div>\n\t\t\t\t\t\t<\/div>\n\t\t\t\t\t<\/div>\n\t\t<\/div>\n\t\t\t\t\t\t\t\t<\/div>\n\t\t\t\t\t<\/div>\n\t\t<\/section>\n\t\t\t\t<section class=\"elementor-section elementor-top-section elementor-element elementor-element-304a2c9 elementor-section-boxed elementor-section-height-default elementor-section-height-default\" data-id=\"304a2c9\" data-element_type=\"section\">\n\t\t\t\t\t\t<div class=\"elementor-container elementor-column-gap-default\">\n\t\t\t\t\t\t\t<div class=\"elementor-row\">\n\t\t\t\t\t<div class=\"elementor-column elementor-col-100 elementor-top-column elementor-element elementor-element-e2dc576\" data-id=\"e2dc576\" data-element_type=\"column\">\n\t\t\t<div class=\"elementor-column-wrap elementor-element-populated\">\n\t\t\t\t\t\t\t<div class=\"elementor-widget-wrap\">\n\t\t\t\t\t\t<div class=\"elementor-element elementor-element-20f52de elementor-invisible elementor-widget elementor-widget-heading\" data-id=\"20f52de\" data-element_type=\"widget\" data-settings=\"{&quot;_animation&quot;:&quot;fadeInDown&quot;}\" data-widget_type=\"heading.default\">\n\t\t\t\t<div class=\"elementor-widget-container\">\n\t\t\t<h2 class=\"elementor-heading-title elementor-size-default\">Ausbildung<\/h2>\t\t<\/div>\n\t\t\t\t<\/div>\n\t\t\t\t\t\t<\/div>\n\t\t\t\t\t<\/div>\n\t\t<\/div>\n\t\t\t\t\t\t\t\t<\/div>\n\t\t\t\t\t<\/div>\n\t\t<\/section>\n\t\t\t\t<section class=\"elementor-section elementor-top-section elementor-element elementor-element-8548f8e elementor-section-boxed elementor-section-height-default elementor-section-height-default\" data-id=\"8548f8e\" data-element_type=\"section\">\n\t\t\t\t\t\t<div class=\"elementor-container elementor-column-gap-narrow\">\n\t\t\t\t\t\t\t<div class=\"elementor-row\">\n\t\t\t\t\t<div class=\"elementor-column elementor-col-50 elementor-top-column elementor-element elementor-element-1946749\" data-id=\"1946749\" data-element_type=\"column\">\n\t\t\t<div class=\"elementor-column-wrap elementor-element-populated\">\n\t\t\t\t\t\t\t<div class=\"elementor-widget-wrap\">\n\t\t\t\t\t\t<div class=\"elementor-element elementor-element-251c942 elementor-invisible elementor-widget elementor-widget-text-editor\" data-id=\"251c942\" data-element_type=\"widget\" data-settings=\"{&quot;_animation&quot;:&quot;fadeInLeft&quot;}\" data-widget_type=\"text-editor.default\">\n\t\t\t\t<div class=\"elementor-widget-container\">\n\t\t\t\t\t<div class=\"elementor-text-editor elementor-clearfix\"><p>Progymnasium\u00a0<br \/>Diplommittelschule\u00a0<\/p><p>Verlagsbuchh\u00e4ndlerin\u00a0<\/p><p><br \/>diplomierte Audioagogin\u00a0<\/p><p><br \/><br \/>Ged\u00e4chtnistrainerin\u00a0<\/p><\/div>\n\t\t\t\t<\/div>\n\t\t\t\t<\/div>\n\t\t\t\t\t\t<\/div>\n\t\t\t\t\t<\/div>\n\t\t<\/div>\n\t\t\t\t<div class=\"elementor-column elementor-col-50 elementor-top-column elementor-element elementor-element-1a5e908\" data-id=\"1a5e908\" data-element_type=\"column\">\n\t\t\t<div class=\"elementor-column-wrap elementor-element-populated\">\n\t\t\t\t\t\t\t<div class=\"elementor-widget-wrap\">\n\t\t\t\t\t\t<div class=\"elementor-element elementor-element-30f4f6b elementor-invisible elementor-widget elementor-widget-text-editor\" data-id=\"30f4f6b\" data-element_type=\"widget\" data-settings=\"{&quot;_animation&quot;:&quot;fadeInRight&quot;}\" data-widget_type=\"text-editor.default\">\n\t\t\t\t<div class=\"elementor-widget-container\">\n\t\t\t\t\t<div class=\"elementor-text-editor elementor-clearfix\"><p>1978-1982 Typus D, Progymnasium Binningen (BL)<br \/>1982-1985\u00a0DMS Typus M, Gymnasium Oberwil (BL)<\/p><p>1989-1992\u00a0\u00a0Ausbildung als Verlagsbuchh\u00e4ndlerin,<br \/>Birkh\u00e4userverlag Basel<\/p><p>2003-2005 Diplom-Lehrgang pro audito schweiz in Zusammenarbeit mit der Interkantonalen Hochschule f\u00fcr Heilp\u00e4dagogik Z\u00fcrich HfH www.hfh.ch<\/p><p>2015-2017 Diplom-Lehrgang pro audito schweiz in Zusammenarbeit Berufliche T\u00e4tigkeit<\/p><\/div>\n\t\t\t\t<\/div>\n\t\t\t\t<\/div>\n\t\t\t\t\t\t<\/div>\n\t\t\t\t\t<\/div>\n\t\t<\/div>\n\t\t\t\t\t\t\t\t<\/div>\n\t\t\t\t\t<\/div>\n\t\t<\/section>\n\t\t\t\t<section class=\"elementor-section elementor-top-section elementor-element elementor-element-d7efd3f elementor-section-boxed elementor-section-height-default elementor-section-height-default\" data-id=\"d7efd3f\" data-element_type=\"section\">\n\t\t\t\t\t\t<div class=\"elementor-container elementor-column-gap-default\">\n\t\t\t\t\t\t\t<div class=\"elementor-row\">\n\t\t\t\t\t<div class=\"elementor-column elementor-col-100 elementor-top-column elementor-element elementor-element-92cda4f\" data-id=\"92cda4f\" data-element_type=\"column\">\n\t\t\t<div class=\"elementor-column-wrap elementor-element-populated\">\n\t\t\t\t\t\t\t<div class=\"elementor-widget-wrap\">\n\t\t\t\t\t\t<div class=\"elementor-element elementor-element-90bbd03 elementor-invisible elementor-widget elementor-widget-heading\" data-id=\"90bbd03\" data-element_type=\"widget\" data-settings=\"{&quot;_animation&quot;:&quot;fadeInDown&quot;}\" data-widget_type=\"heading.default\">\n\t\t\t\t<div class=\"elementor-widget-container\">\n\t\t\t<h2 class=\"elementor-heading-title elementor-size-default\">Berufliche T\u00e4tigkeiten<\/h2>\t\t<\/div>\n\t\t\t\t<\/div>\n\t\t\t\t\t\t<\/div>\n\t\t\t\t\t<\/div>\n\t\t<\/div>\n\t\t\t\t\t\t\t\t<\/div>\n\t\t\t\t\t<\/div>\n\t\t<\/section>\n\t\t\t\t<section class=\"elementor-section elementor-top-section elementor-element elementor-element-a1162c6 elementor-section-boxed elementor-section-height-default elementor-section-height-default\" data-id=\"a1162c6\" data-element_type=\"section\">\n\t\t\t\t\t\t<div class=\"elementor-container elementor-column-gap-narrow\">\n\t\t\t\t\t\t\t<div class=\"elementor-row\">\n\t\t\t\t\t<div class=\"elementor-column elementor-col-100 elementor-top-column elementor-element elementor-element-1314415\" data-id=\"1314415\" data-element_type=\"column\">\n\t\t\t<div class=\"elementor-column-wrap elementor-element-populated\">\n\t\t\t\t\t\t\t<div class=\"elementor-widget-wrap\">\n\t\t\t\t\t\t<section class=\"elementor-section elementor-inner-section elementor-element elementor-element-142dc7e elementor-section-boxed elementor-section-height-default elementor-section-height-default\" data-id=\"142dc7e\" data-element_type=\"section\">\n\t\t\t\t\t\t<div class=\"elementor-container elementor-column-gap-default\">\n\t\t\t\t\t\t\t<div class=\"elementor-row\">\n\t\t\t\t\t<div class=\"elementor-column elementor-col-50 elementor-inner-column elementor-element elementor-element-5ea28ee\" data-id=\"5ea28ee\" data-element_type=\"column\">\n\t\t\t<div class=\"elementor-column-wrap elementor-element-populated\">\n\t\t\t\t\t\t\t<div class=\"elementor-widget-wrap\">\n\t\t\t\t\t\t<div class=\"elementor-element elementor-element-f5aed76 elementor-invisible elementor-widget elementor-widget-text-editor\" data-id=\"f5aed76\" data-element_type=\"widget\" data-settings=\"{&quot;_animation&quot;:&quot;fadeInLeft&quot;}\" data-widget_type=\"text-editor.default\">\n\t\t\t\t<div class=\"elementor-widget-container\">\n\t\t\t\t\t<div class=\"elementor-text-editor elementor-clearfix\"><p><strong>03.04-12.17<\/strong><\/p><p><br \/><strong><br \/><br \/><br \/>05.01-04.03<\/strong><\/p><p><strong><br \/><br \/><br \/>11.00-10.01<\/strong><\/p><p><strong><br \/><br \/>12.98-11.99<\/strong><\/p><p><strong><br \/><br \/><br \/>06.97-06.98<\/strong><\/p><p><strong><br \/>03.93-05.97<\/strong><\/p><p><strong><br \/><br \/><br \/>10.92-03.93<\/strong><\/p><\/div>\n\t\t\t\t<\/div>\n\t\t\t\t<\/div>\n\t\t\t\t\t\t<\/div>\n\t\t\t\t\t<\/div>\n\t\t<\/div>\n\t\t\t\t<div class=\"elementor-column elementor-col-50 elementor-inner-column elementor-element elementor-element-1cd244a\" data-id=\"1cd244a\" data-element_type=\"column\">\n\t\t\t<div class=\"elementor-column-wrap elementor-element-populated\">\n\t\t\t\t\t\t\t<div class=\"elementor-widget-wrap\">\n\t\t\t\t\t\t<div class=\"elementor-element elementor-element-4fd3394 elementor-invisible elementor-widget elementor-widget-text-editor\" data-id=\"4fd3394\" data-element_type=\"widget\" data-settings=\"{&quot;_animation&quot;:&quot;fadeInRight&quot;}\" data-widget_type=\"text-editor.default\">\n\t\t\t\t<div class=\"elementor-widget-container\">\n\t\t\t\t\t<div class=\"elementor-text-editor elementor-clearfix\"><p>SVNSW<strong> Schwerh\u00f6rigen Verein Nordwestschweiz<\/strong><br \/>Anstellung als Audioagogin: Verst\u00e4ndigungstrainerin f\u00fcr Erwachsene Schwerh\u00f6rige, Ertaubte,<br \/>Cochlea-Implantat-Tr\u00e4ger\/innen und Tinnitus-Erkrankte, Gruppen- und Einzelkurs<\/p><p><strong>VSAC Basel<\/strong><br \/>Kommunikationsverantwortliche Verband schweizerischer Angestelltenvereine der<br \/>Chemischen Industrie (VSAC)<\/p><p><strong>Schweizer Radio DRS Basel<\/strong><br \/>Abteilung Verkauf, Marketing, Linzenswesen; Mitaufbau der Verlagsabteilung<\/p><p>Messe Basel, Basel<br \/>Abteilung Messekommunikation:<br \/>Organisation von Medienanl\u00e4ssen in Bezug auf die jeweilige Messe<\/p><p><strong>Schwabe &amp; Co. AG Muttenz<\/strong><br \/>Buch- und Zeitschriftenabteilung; Marketing, Rezensionswesen<\/p><p><strong>S. Karger Verlag AG Basel<\/strong><br \/>Abteilung Redaktion und Herstellung:<br \/>Organisation und Betreuung von wissenschaftlichen Publikationen<\/p><p><strong>Schweizerischer Bankverein Basel<\/strong><br \/>Publicrelations, Marketing und Sponsoring Abteilung: Organisation \u00f6ffentlicher Anl\u00e4sse und<br \/>Kulturveranstaltungen<\/p><\/div>\n\t\t\t\t<\/div>\n\t\t\t\t<\/div>\n\t\t\t\t\t\t<\/div>\n\t\t\t\t\t<\/div>\n\t\t<\/div>\n\t\t\t\t\t\t\t\t<\/div>\n\t\t\t\t\t<\/div>\n\t\t<\/section>\n\t\t\t\t\t\t<\/div>\n\t\t\t\t\t<\/div>\n\t\t<\/div>\n\t\t\t\t\t\t\t\t<\/div>\n\t\t\t\t\t<\/div>\n\t\t<\/section>\n\t\t\t\t\t\t<\/div>\n\t\t\t\t\t\t<\/div>\n\t\t\t\t\t<\/div>\n\t\t","protected":false},"excerpt":{"rendered":"<p>Ausbildung &#038; Berufsweg Person Name\u00a0GeburtsdatumSprachen Susan Linsig LocherIch bin am 25. Juni 1966 in Basel geborenMuttersprache Deutsch\u00a0Fremdsprachen Englisch, Franz\u00f6sisch, Italienisch (Wort und Schrift) Ausbildung Progymnasium\u00a0Diplommittelschule\u00a0 Verlagsbuchh\u00e4ndlerin\u00a0 diplomierte Audioagogin\u00a0 Ged\u00e4chtnistrainerin\u00a0 1978-1982 Typus D, Progymnasium Binningen (BL)1982-1985\u00a0DMS Typus M, Gymnasium Oberwil (BL) 1989-1992\u00a0\u00a0Ausbildung als Verlagsbuchh\u00e4ndlerin,Birkh\u00e4userverlag Basel 2003-2005 Diplom-Lehrgang pro audito schweiz in Zusammenarbeit mit der Interkantonalen Hochschule [&hellip;]<\/p>\n","protected":false},"author":1,"featured_media":0,"parent":0,"menu_order":0,"comment_status":"closed","ping_status":"closed","template":"","meta":[],"_links":{"self":[{"href":"https:\/\/www.hirn-und-ohr.ch\/index.php?rest_route=\/wp\/v2\/pages\/143"}],"collection":[{"href":"https:\/\/www.hirn-und-ohr.ch\/index.php?rest_route=\/wp\/v2\/pages"}],"about":[{"href":"https:\/\/www.hirn-und-ohr.ch\/index.php?rest_route=\/wp\/v2\/types\/page"}],"author":[{"embeddable":true,"href":"https:\/\/www.hirn-und-ohr.ch\/index.php?rest_route=\/wp\/v2\/users\/1"}],"replies":[{"embeddable":true,"href":"https:\/\/www.hirn-und-ohr.ch\/index.php?rest_route=%2Fwp%2Fv2%2Fcomments&post=143"}],"version-history":[{"count":7,"href":"https:\/\/www.hirn-und-ohr.ch\/index.php?rest_route=\/wp\/v2\/pages\/143\/revisions"}],"predecessor-version":[{"id":218,"href":"https:\/\/www.hirn-und-ohr.ch\/index.php?rest_route=\/wp\/v2\/pages\/143\/revisions\/218"}],"wp:attachment":[{"href":"https:\/\/www.hirn-und-ohr.ch\/index.php?rest_route=%2Fwp%2Fv2%2Fmedia&parent=143"}],"curies":[{"name":"wp","href":"https:\/\/api.w.org\/{rel}","templated":true}]}}