{"id":15,"date":"2019-01-14T01:52:48","date_gmt":"2019-01-14T00:52:48","guid":{"rendered":"https:\/\/hirn-und-ohr.ch\/?page_id=15"},"modified":"2019-02-25T14:55:08","modified_gmt":"2019-02-25T13:55:08","slug":"ueber-mich","status":"publish","type":"page","link":"https:\/\/www.hirn-und-ohr.ch\/?page_id=15","title":{"rendered":"\u00dcber mich"},"content":{"rendered":"\t\t<div data-elementor-type=\"wp-post\" data-elementor-id=\"15\" class=\"elementor elementor-15 elementor-bc-flex-widget\" data-elementor-settings=\"[]\">\n\t\t\t\t\t\t<div class=\"elementor-inner\">\n\t\t\t\t\t\t\t<div class=\"elementor-section-wrap\">\n\t\t\t\t\t\t\t<section class=\"elementor-section elementor-top-section elementor-element elementor-element-24c56239 elementor-section-content-middle elementor-section-boxed elementor-section-height-default elementor-section-height-default\" data-id=\"24c56239\" data-element_type=\"section\">\n\t\t\t\t\t\t<div class=\"elementor-container elementor-column-gap-no\">\n\t\t\t\t\t\t\t<div class=\"elementor-row\">\n\t\t\t\t\t<div class=\"elementor-column elementor-col-100 elementor-top-column elementor-element elementor-element-1b686015\" data-id=\"1b686015\" data-element_type=\"column\">\n\t\t\t<div class=\"elementor-column-wrap elementor-element-populated\">\n\t\t\t\t\t\t\t<div class=\"elementor-widget-wrap\">\n\t\t\t\t\t\t<div class=\"elementor-element elementor-element-7836e175 elementor-position-left elementor-vertical-align-middle elementor-invisible elementor-widget elementor-widget-image-box\" data-id=\"7836e175\" data-element_type=\"widget\" data-settings=\"{&quot;_animation&quot;:&quot;fadeInDown&quot;}\" data-widget_type=\"image-box.default\">\n\t\t\t\t<div class=\"elementor-widget-container\">\n\t\t\t<div class=\"elementor-image-box-wrapper\"><figure class=\"elementor-image-box-img\"><img width=\"258\" height=\"300\" src=\"https:\/\/www.hirn-und-ohr.ch\/wp-content\/uploads\/2019\/02\/03afa9d9-7db4-48ae-ad17-85b681ba2c9c-258x300.jpg\" class=\"attachment-medium size-medium\" alt=\"Susan Linsig\" loading=\"lazy\" srcset=\"https:\/\/www.hirn-und-ohr.ch\/wp-content\/uploads\/2019\/02\/03afa9d9-7db4-48ae-ad17-85b681ba2c9c-258x300.jpg 258w, https:\/\/www.hirn-und-ohr.ch\/wp-content\/uploads\/2019\/02\/03afa9d9-7db4-48ae-ad17-85b681ba2c9c.jpg 573w\" sizes=\"(max-width: 258px) 100vw, 258px\" \/><\/figure><div class=\"elementor-image-box-content\"><h3 class=\"elementor-image-box-title\">Susan Linsig Locher<\/h3><p class=\"elementor-image-box-description\">Diplomierte Audioagogin\n\nDiplom-Lehrgang pro audito schweiz in Zusammenarbeit\n\t\t\t\t\t\tmit der Interkantonalen Hochschule f\u00fcr Heilp\u00e4dagogik \nZ\u00fcrich HfH  www.hfh.ch \n<\/p><\/div><\/div>\t\t<\/div>\n\t\t\t\t<\/div>\n\t\t\t\t<div class=\"elementor-element elementor-element-2fa6c130 elementor-invisible elementor-widget elementor-widget-text-editor\" data-id=\"2fa6c130\" data-element_type=\"widget\" data-settings=\"{&quot;_animation&quot;:&quot;fadeInUp&quot;,&quot;_animation_delay&quot;:100}\" data-widget_type=\"text-editor.default\">\n\t\t\t\t<div class=\"elementor-widget-container\">\n\t\t\t\t\t<div class=\"elementor-text-editor elementor-clearfix\"><p><span style=\"color: #545454; font-family: 'Lucida Sans Unicode', sans-serif; font-size: 18px; font-style: normal; font-variant-ligatures: normal; font-variant-caps: normal; font-weight: 400;\">Ich bin Susan Linsig, geboren 1966, seit zwanzig Jahren verheiratet und habe zwei Kinder im Schulalter. Ich bin ausgebildete Audioagogin und Ged\u00e4chtnistrainerin SVGT. In meiner Freizeit bin ich oft mit unserem Hund unterwegs, oder geniesse die Freiheit auf dem Fahrrad. In den Familienferien entdecken wir gemeinsam am liebsten anderen L\u00e4ndern und tolle Zeltpl\u00e4tze.<\/span><\/p><p><span style=\"font-family: 'Lucida Sans Unicode', sans-serif; font-size: 13.5pt; color: #545454;\"><b>Audioagogin<\/b><\/span><\/p><p style=\"font-variant-ligatures: normal; font-variant-caps: normal; font-family: Roboto, sans-serif; font-size: 18px; font-style: normal; font-weight: 400; color: #545454;\"><span lang=\"DE\" style=\"font-family: 'Lucida Sans Unicode', sans-serif; font-size: 13.5pt;\">Von 2003 bis 2005 habe ich den Ausbildungslehrgang zur diplomierten Audioagogin besucht, im Jahr 2005 abgeschlossen. Der Lehrgang fand in Zusammenarbeit mit pro audito schweiz (<span style=\"font-size: 18px;\"><span style=\"font-size: 18px; color: windowtext;\"><a style=\"font-size: 18px;\" href=\"http:\/\/www.pro-audito.ch\/\">www.pro-audito.ch<\/a><\/span><\/span>), mit der Interkantonalen Hochschule f\u00fcr Heilp\u00e4dagogik Z\u00fcrich (HfH\u00a0<span style=\"font-size: 18px;\"><span style=\"font-size: 18px; color: windowtext;\"><a style=\"font-size: 18px;\" href=\"http:\/\/www.hfh.ch\/\">www.hfh.ch<\/a><\/span><\/span>) und dem Universit\u00e4tsspital Z\u00fcrich (<span style=\"font-size: 18px;\"><span style=\"font-size: 18px; color: windowtext;\"><a style=\"font-size: 18px;\" href=\"http:\/\/www.usz.ch\/\">www.usz.ch<\/a><\/span><\/span>\u00a0) statt.<\/span><\/p><p style=\"font-variant-ligatures: normal; font-variant-caps: normal; font-family: Roboto, sans-serif; font-size: 18px; font-style: normal; font-weight: 400; color: #545454;\"><span style=\"font-size: 18px; font-weight: 600;\"><span lang=\"DE\" style=\"font-family: 'Lucida Sans Unicode', sans-serif; font-size: 13.5pt;\">Was ist meine T\u00e4tigkeit als Audioagogin?<\/span><\/span><\/p><p style=\"font-variant-ligatures: normal; font-variant-caps: normal; font-family: Roboto, sans-serif; font-size: 18px; font-style: normal; font-weight: 400; color: #545454;\"><span lang=\"DE\" style=\"font-family: 'Lucida Sans Unicode', sans-serif; font-size: 13.5pt;\">Als Audioagogin unterst\u00fctze ich Sie bei Ihrer individuellen H\u00f6rsituation im Alltag. Als Fachperson f\u00fcr gutes H\u00f6ren trainiere ich Schwerh\u00f6rige, Sp\u00e4t-Ertaubte, Cochlea-Implantat-Tragende, Tinnitus-Erkrankte oder von anderen Krankheiten im Zusammenhang mit dem Geh\u00f6r Betroffene. Ich biete Gruppen- oder Einzelkursen an. Wichtig f\u00fcr meine Arbeit ist der Einbezug des pers\u00f6nlichen Umfeldes.\u00a0<\/span><\/p><p style=\"font-variant-ligatures: normal; font-variant-caps: normal; font-family: Roboto, sans-serif; font-size: 18px; font-style: normal; font-weight: 400; color: #545454;\"><span style=\"font-size: 18px; font-weight: 600;\"><span lang=\"DE\" style=\"font-family: 'Lucida Sans Unicode', sans-serif; font-size: 13.5pt;\">Ged\u00e4chtnistrainerin SVGT<\/span><\/span><span lang=\"DE\" style=\"font-family: 'Lucida Sans Unicode', sans-serif; font-size: 13.5pt;\">\u00a0(SVGT=Schweizerischer Verband f\u00fcr Ged\u00e4chtnistraining www.gedaechtnistrainig.ch)<\/span><\/p><p style=\"font-variant-ligatures: normal; font-variant-caps: normal; font-family: Roboto, sans-serif; font-size: 18px; font-style: normal; font-weight: 400; color: #545454;\"><span lang=\"DE\" style=\"font-family: 'Lucida Sans Unicode', sans-serif; font-size: 13.5pt;\">Von 2015 bis 2017 habe ich den Lehrgang zur Ged\u00e4chtnistrainerin SVGT besucht und diesen Ende 2017 abgeschlossen. Das Attest zur Ged\u00e4chtnistrainierin SVGT habe ich Mitte 2018 erlangt. Der Verband SVGT ist eduQua zertifiziert.<\/span><\/p><p style=\"font-variant-ligatures: normal; font-variant-caps: normal; font-family: Roboto, sans-serif; font-size: 18px; font-style: normal; font-weight: 400; color: #545454;\"><span style=\"font-size: 18px; font-weight: 600;\"><span lang=\"DE\" style=\"font-family: 'Lucida Sans Unicode', sans-serif; font-size: 13.5pt;\">Was macht eine Ged\u00e4chtnistrainierin SVGT?<\/span><\/span><\/p><p style=\"font-variant-ligatures: normal; font-variant-caps: normal; font-family: Roboto, sans-serif; font-size: 18px; font-style: normal; font-weight: 400; color: #545454;\"><span lang=\"DE\" style=\"font-family: 'Lucida Sans Unicode', sans-serif; font-size: 13.5pt;\">Als ganzheitliche Ged\u00e4chtnistainerin SVGT vermittle ich in meinen Kursen zahlreiche Techniken und Methoden, die Sie im Alltag leicht anwenden k\u00f6nnen. Sie trainieren gemeinsam mit anderen Teilnehmenden spielerisch alle wichtigen Gebiete Ihres Gehirns. Durch regelm\u00e4ssiges Training wird Ihr Alltag leichter und unbeschwerter.\u00a0<\/span><\/p><p><span style=\"color: #545454; font-family: 'Lucida Sans Unicode', sans-serif; font-size: 18px; font-style: normal; font-variant-ligatures: normal; font-variant-caps: normal; font-weight: 400;\">\u00a0<\/span><\/p><\/div>\n\t\t\t\t<\/div>\n\t\t\t\t<\/div>\n\t\t\t\t\t\t<\/div>\n\t\t\t\t\t<\/div>\n\t\t<\/div>\n\t\t\t\t\t\t\t\t<\/div>\n\t\t\t\t\t<\/div>\n\t\t<\/section>\n\t\t\t\t<section class=\"elementor-section elementor-top-section elementor-element elementor-element-7bf55fe elementor-section-boxed elementor-section-height-default elementor-section-height-default\" data-id=\"7bf55fe\" data-element_type=\"section\">\n\t\t\t\t\t\t<div class=\"elementor-container elementor-column-gap-default\">\n\t\t\t\t\t\t\t<div class=\"elementor-row\">\n\t\t\t\t\t<div class=\"elementor-column elementor-col-50 elementor-top-column elementor-element elementor-element-c1a5bef\" data-id=\"c1a5bef\" data-element_type=\"column\">\n\t\t\t<div class=\"elementor-column-wrap elementor-element-populated\">\n\t\t\t\t\t\t\t<div class=\"elementor-widget-wrap\">\n\t\t\t\t\t\t<div class=\"elementor-element elementor-element-fde3f0b elementor-view-default elementor-widget elementor-widget-icon\" data-id=\"fde3f0b\" data-element_type=\"widget\" data-widget_type=\"icon.default\">\n\t\t\t\t<div class=\"elementor-widget-container\">\n\t\t\t\t\t<div class=\"elementor-icon-wrapper\">\n\t\t\t<div class=\"elementor-icon\">\n\t\t\t\t\t\t\t<i class=\"fa fa-star-o\" aria-hidden=\"true\"><\/i>\n\t\t\t\t\t\t<\/div>\n\t\t<\/div>\n\t\t\t\t<\/div>\n\t\t\t\t<\/div>\n\t\t\t\t\t\t<\/div>\n\t\t\t\t\t<\/div>\n\t\t<\/div>\n\t\t\t\t<div class=\"elementor-column elementor-col-50 elementor-top-column elementor-element elementor-element-a7f8a00\" data-id=\"a7f8a00\" data-element_type=\"column\">\n\t\t\t<div class=\"elementor-column-wrap elementor-element-populated\">\n\t\t\t\t\t\t\t<div class=\"elementor-widget-wrap\">\n\t\t\t\t\t\t<div class=\"elementor-element elementor-element-00008b8 elementor-invisible elementor-widget elementor-widget-heading\" data-id=\"00008b8\" data-element_type=\"widget\" data-settings=\"{&quot;_animation&quot;:&quot;fadeInUp&quot;}\" data-widget_type=\"heading.default\">\n\t\t\t\t<div class=\"elementor-widget-container\">\n\t\t\t<h2 class=\"elementor-heading-title elementor-size-default\"><a href=\"https:\/\/hirn-und-ohr.ch\/?page_id=143\">Weiter zu Meine Ausbildung & Berufsweg<\/a><\/h2>\t\t<\/div>\n\t\t\t\t<\/div>\n\t\t\t\t\t\t<\/div>\n\t\t\t\t\t<\/div>\n\t\t<\/div>\n\t\t\t\t\t\t\t\t<\/div>\n\t\t\t\t\t<\/div>\n\t\t<\/section>\n\t\t\t\t\t\t<\/div>\n\t\t\t\t\t\t<\/div>\n\t\t\t\t\t<\/div>\n\t\t","protected":false},"excerpt":{"rendered":"<p>Susan Linsig Locher Diplomierte Audioagogin Diplom-Lehrgang pro audito schweiz in Zusammenarbeit mit der Interkantonalen Hochschule f\u00fcr Heilp\u00e4dagogik Z\u00fcrich HfH www.hfh.ch Ich bin Susan Linsig, geboren 1966, seit zwanzig Jahren verheiratet und habe zwei Kinder im Schulalter. Ich bin ausgebildete Audioagogin und Ged\u00e4chtnistrainerin SVGT. In meiner Freizeit bin ich oft mit unserem Hund unterwegs, oder geniesse [&hellip;]<\/p>\n","protected":false},"author":1,"featured_media":0,"parent":0,"menu_order":0,"comment_status":"closed","ping_status":"closed","template":"","meta":[],"_links":{"self":[{"href":"https:\/\/www.hirn-und-ohr.ch\/index.php?rest_route=\/wp\/v2\/pages\/15"}],"collection":[{"href":"https:\/\/www.hirn-und-ohr.ch\/index.php?rest_route=\/wp\/v2\/pages"}],"about":[{"href":"https:\/\/www.hirn-und-ohr.ch\/index.php?rest_route=\/wp\/v2\/types\/page"}],"author":[{"embeddable":true,"href":"https:\/\/www.hirn-und-ohr.ch\/index.php?rest_route=\/wp\/v2\/users\/1"}],"replies":[{"embeddable":true,"href":"https:\/\/www.hirn-und-ohr.ch\/index.php?rest_route=%2Fwp%2Fv2%2Fcomments&post=15"}],"version-history":[{"count":10,"href":"https:\/\/www.hirn-und-ohr.ch\/index.php?rest_route=\/wp\/v2\/pages\/15\/revisions"}],"predecessor-version":[{"id":217,"href":"https:\/\/www.hirn-und-ohr.ch\/index.php?rest_route=\/wp\/v2\/pages\/15\/revisions\/217"}],"wp:attachment":[{"href":"https:\/\/www.hirn-und-ohr.ch\/index.php?rest_route=%2Fwp%2Fv2%2Fmedia&parent=15"}],"curies":[{"name":"wp","href":"https:\/\/api.w.org\/{rel}","templated":true}]}}