{"id":63,"date":"2019-01-16T08:14:21","date_gmt":"2019-01-16T07:14:21","guid":{"rendered":"https:\/\/hirn-und-ohr.ch\/?page_id=63"},"modified":"2019-03-31T16:54:10","modified_gmt":"2019-03-31T14:54:10","slug":"links","status":"publish","type":"page","link":"https:\/\/www.hirn-und-ohr.ch\/?page_id=63","title":{"rendered":"Links"},"content":{"rendered":"\t\t<div data-elementor-type=\"wp-post\" data-elementor-id=\"63\" class=\"elementor elementor-63\" data-elementor-settings=\"[]\">\n\t\t\t\t\t\t<div class=\"elementor-inner\">\n\t\t\t\t\t\t\t<div class=\"elementor-section-wrap\">\n\t\t\t\t\t\t\t<section class=\"elementor-section elementor-top-section elementor-element elementor-element-7ad6f61 elementor-section-boxed elementor-section-height-default elementor-section-height-default elementor-invisible\" data-id=\"7ad6f61\" data-element_type=\"section\" data-settings=\"{&quot;animation&quot;:&quot;fadeInDown&quot;}\">\n\t\t\t\t\t\t<div class=\"elementor-container elementor-column-gap-default\">\n\t\t\t\t\t\t\t<div class=\"elementor-row\">\n\t\t\t\t\t<div class=\"elementor-column elementor-col-100 elementor-top-column elementor-element elementor-element-a24f322\" data-id=\"a24f322\" data-element_type=\"column\">\n\t\t\t<div class=\"elementor-column-wrap elementor-element-populated\">\n\t\t\t\t\t\t\t<div class=\"elementor-widget-wrap\">\n\t\t\t\t\t\t<div class=\"elementor-element elementor-element-ecbea19 elementor-widget elementor-widget-heading\" data-id=\"ecbea19\" data-element_type=\"widget\" data-widget_type=\"heading.default\">\n\t\t\t\t<div class=\"elementor-widget-container\">\n\t\t\t<h2 class=\"elementor-heading-title elementor-size-default\">Links<\/h2>\t\t<\/div>\n\t\t\t\t<\/div>\n\t\t\t\t\t\t<\/div>\n\t\t\t\t\t<\/div>\n\t\t<\/div>\n\t\t\t\t\t\t\t\t<\/div>\n\t\t\t\t\t<\/div>\n\t\t<\/section>\n\t\t\t\t<section class=\"elementor-section elementor-top-section elementor-element elementor-element-da85e43 elementor-section-boxed elementor-section-height-default elementor-section-height-default elementor-invisible\" data-id=\"da85e43\" data-element_type=\"section\" data-settings=\"{&quot;animation&quot;:&quot;fadeInUp&quot;}\">\n\t\t\t\t\t\t<div class=\"elementor-container elementor-column-gap-default\">\n\t\t\t\t\t\t\t<div class=\"elementor-row\">\n\t\t\t\t\t<div class=\"elementor-column elementor-col-100 elementor-top-column elementor-element elementor-element-56eaf51\" data-id=\"56eaf51\" data-element_type=\"column\">\n\t\t\t<div class=\"elementor-column-wrap elementor-element-populated\">\n\t\t\t\t\t\t\t<div class=\"elementor-widget-wrap\">\n\t\t\t\t\t\t<section class=\"elementor-section elementor-inner-section elementor-element elementor-element-40be399 elementor-section-boxed elementor-section-height-default elementor-section-height-default\" data-id=\"40be399\" data-element_type=\"section\">\n\t\t\t\t\t\t<div class=\"elementor-container elementor-column-gap-default\">\n\t\t\t\t\t\t\t<div class=\"elementor-row\">\n\t\t\t\t\t<div class=\"elementor-column elementor-col-50 elementor-inner-column elementor-element elementor-element-bbda0b5\" data-id=\"bbda0b5\" data-element_type=\"column\">\n\t\t\t<div class=\"elementor-column-wrap elementor-element-populated\">\n\t\t\t\t\t\t\t<div class=\"elementor-widget-wrap\">\n\t\t\t\t\t\t<div class=\"elementor-element elementor-element-17963bd elementor-widget elementor-widget-image\" data-id=\"17963bd\" data-element_type=\"widget\" data-widget_type=\"image.default\">\n\t\t\t\t<div class=\"elementor-widget-container\">\n\t\t\t\t\t<div class=\"elementor-image\">\n\t\t\t\t\t\t\t\t\t\t\t<a href=\"http:\/\/www.gedaechtnistraining.ch\" target=\"_blank\">\n\t\t\t\t\t\t\t<img width=\"210\" height=\"98\" src=\"https:\/\/www.hirn-und-ohr.ch\/wp-content\/uploads\/2019\/01\/g\u00e4dchnisver.png\" class=\"attachment-large size-large\" alt=\"\" loading=\"lazy\" \/>\t\t\t\t\t\t\t\t<\/a>\n\t\t\t\t\t\t\t\t\t\t\t<\/div>\n\t\t\t\t<\/div>\n\t\t\t\t<\/div>\n\t\t\t\t\t\t<\/div>\n\t\t\t\t\t<\/div>\n\t\t<\/div>\n\t\t\t\t<div class=\"elementor-column elementor-col-50 elementor-inner-column elementor-element elementor-element-51b131f\" data-id=\"51b131f\" data-element_type=\"column\">\n\t\t\t<div class=\"elementor-column-wrap elementor-element-populated\">\n\t\t\t\t\t\t\t<div class=\"elementor-widget-wrap\">\n\t\t\t\t\t\t<div class=\"elementor-element elementor-element-991725b elementor-invisible elementor-widget elementor-widget-text-editor\" data-id=\"991725b\" data-element_type=\"widget\" data-settings=\"{&quot;_animation&quot;:&quot;fadeInUp&quot;}\" data-widget_type=\"text-editor.default\">\n\t\t\t\t<div class=\"elementor-widget-container\">\n\t\t\t\t\t<div class=\"elementor-text-editor elementor-clearfix\"><p><b style=\"font-family: Arial, sans-serif; font-size: 12pt;\">Ged\u00e4chtnistrainerin &#8211; Schweizerischer Verband f\u00fcr Ged\u00e4chtnistraining SVGT<\/b><span style=\"font-family: Arial, sans-serif;\"><span style=\"font-size: 16px;\"><b><br \/><\/b><\/span><\/span><span style=\"background-color: transparent; color: #3e3d40; font-family: Arial; font-size: 14px; font-style: normal; font-variant-ligatures: normal; font-variant-caps: normal; font-weight: 400;\">Der Schweizerische\u00a0Verband f\u00fcr Ged\u00e4chtnistraining (SVGT) ist<br \/><\/span><span style=\"background-color: transparent; color: #3e3d40; font-family: Arial; font-size: 14px; font-style: normal; font-variant-ligatures: normal; font-variant-caps: normal; font-weight: 400;\">die Schweizer Fachstelle f\u00fcr die F\u00f6rderung und Verbreitung des ganzheitlichen Ged\u00e4chtnistrainings in der Schweiz.<\/span><\/p><p>\u00a0<\/p><p><span style=\"font-size: 12.0pt; font-family: 'Arial',sans-serif;\"><a href=\"http:\/\/www.gedaechtnistraining.ch\/\">www.gedaechtnistraining.ch<\/a><\/span><\/p><\/div>\n\t\t\t\t<\/div>\n\t\t\t\t<\/div>\n\t\t\t\t\t\t<\/div>\n\t\t\t\t\t<\/div>\n\t\t<\/div>\n\t\t\t\t\t\t\t\t<\/div>\n\t\t\t\t\t<\/div>\n\t\t<\/section>\n\t\t\t\t\t\t<\/div>\n\t\t\t\t\t<\/div>\n\t\t<\/div>\n\t\t\t\t\t\t\t\t<\/div>\n\t\t\t\t\t<\/div>\n\t\t<\/section>\n\t\t\t\t<section class=\"elementor-section elementor-top-section elementor-element elementor-element-30a6c6e elementor-section-boxed elementor-section-height-default elementor-section-height-default\" data-id=\"30a6c6e\" data-element_type=\"section\">\n\t\t\t\t\t\t<div class=\"elementor-container elementor-column-gap-default\">\n\t\t\t\t\t\t\t<div class=\"elementor-row\">\n\t\t\t\t\t<div class=\"elementor-column elementor-col-100 elementor-top-column elementor-element elementor-element-2765616\" data-id=\"2765616\" data-element_type=\"column\">\n\t\t\t<div class=\"elementor-column-wrap elementor-element-populated\">\n\t\t\t\t\t\t\t<div class=\"elementor-widget-wrap\">\n\t\t\t\t\t\t<div class=\"elementor-element elementor-element-ce7707b elementor-widget-divider--view-line elementor-widget elementor-widget-divider\" data-id=\"ce7707b\" data-element_type=\"widget\" data-widget_type=\"divider.default\">\n\t\t\t\t<div class=\"elementor-widget-container\">\n\t\t\t\t\t<div class=\"elementor-divider\">\n\t\t\t<span class=\"elementor-divider-separator\">\n\t\t\t\t\t\t<\/span>\n\t\t<\/div>\n\t\t\t\t<\/div>\n\t\t\t\t<\/div>\n\t\t\t\t\t\t<\/div>\n\t\t\t\t\t<\/div>\n\t\t<\/div>\n\t\t\t\t\t\t\t\t<\/div>\n\t\t\t\t\t<\/div>\n\t\t<\/section>\n\t\t\t\t<section class=\"elementor-section elementor-top-section elementor-element elementor-element-d576b9b elementor-section-boxed elementor-section-height-default elementor-section-height-default\" data-id=\"d576b9b\" data-element_type=\"section\">\n\t\t\t\t\t\t<div class=\"elementor-container elementor-column-gap-default\">\n\t\t\t\t\t\t\t<div class=\"elementor-row\">\n\t\t\t\t\t<div class=\"elementor-column elementor-col-50 elementor-top-column elementor-element elementor-element-72db6d3\" data-id=\"72db6d3\" data-element_type=\"column\">\n\t\t\t<div class=\"elementor-column-wrap elementor-element-populated\">\n\t\t\t\t\t\t\t<div class=\"elementor-widget-wrap\">\n\t\t\t\t\t\t<div class=\"elementor-element elementor-element-767ccac animated-slow elementor-invisible elementor-widget elementor-widget-image\" data-id=\"767ccac\" data-element_type=\"widget\" data-settings=\"{&quot;_animation&quot;:&quot;fadeInLeft&quot;,&quot;_animation_delay&quot;:10}\" data-widget_type=\"image.default\">\n\t\t\t\t<div class=\"elementor-widget-container\">\n\t\t\t\t\t<div class=\"elementor-image\">\n\t\t\t\t\t\t\t\t\t\t<img width=\"450\" height=\"337\" src=\"https:\/\/www.hirn-und-ohr.ch\/wp-content\/uploads\/2019\/01\/hirn.jpg\" class=\"attachment-large size-large\" alt=\"\" loading=\"lazy\" srcset=\"https:\/\/www.hirn-und-ohr.ch\/wp-content\/uploads\/2019\/01\/hirn.jpg 450w, https:\/\/www.hirn-und-ohr.ch\/wp-content\/uploads\/2019\/01\/hirn-300x225.jpg 300w\" sizes=\"(max-width: 450px) 100vw, 450px\" \/>\t\t\t\t\t\t\t\t\t\t\t<\/div>\n\t\t\t\t<\/div>\n\t\t\t\t<\/div>\n\t\t\t\t\t\t<\/div>\n\t\t\t\t\t<\/div>\n\t\t<\/div>\n\t\t\t\t<div class=\"elementor-column elementor-col-50 elementor-top-column elementor-element elementor-element-b935e9e\" data-id=\"b935e9e\" data-element_type=\"column\">\n\t\t\t<div class=\"elementor-column-wrap elementor-element-populated\">\n\t\t\t\t\t\t\t<div class=\"elementor-widget-wrap\">\n\t\t\t\t\t\t<section class=\"elementor-section elementor-inner-section elementor-element elementor-element-866efdd elementor-section-boxed elementor-section-height-default elementor-section-height-default\" data-id=\"866efdd\" data-element_type=\"section\">\n\t\t\t\t\t\t<div class=\"elementor-container elementor-column-gap-default\">\n\t\t\t\t\t\t\t<div class=\"elementor-row\">\n\t\t\t\t\t<div class=\"elementor-column elementor-col-100 elementor-inner-column elementor-element elementor-element-b93dade\" data-id=\"b93dade\" data-element_type=\"column\">\n\t\t\t<div class=\"elementor-column-wrap elementor-element-populated\">\n\t\t\t\t\t\t\t<div class=\"elementor-widget-wrap\">\n\t\t\t\t\t\t<div class=\"elementor-element elementor-element-fbb6ec6 elementor-invisible elementor-widget elementor-widget-text-editor\" data-id=\"fbb6ec6\" data-element_type=\"widget\" data-settings=\"{&quot;_animation&quot;:&quot;fadeInRight&quot;}\" data-widget_type=\"text-editor.default\">\n\t\t\t\t<div class=\"elementor-widget-container\">\n\t\t\t\t\t<div class=\"elementor-text-editor elementor-clearfix\"><p><strong>Alzheimer Vereinigung<\/strong><br \/><a href=\"http:\/\/www.alz.ch\">http:\/\/www.alz.ch<\/a><\/p><p><strong>Schweizerische Parkinson Vereinigung<\/strong><br \/><a href=\"http:\/\/www.parkinson.ch\/\">http:\/\/www.parkinson.ch\/<\/a><\/p><p><strong>22. internationale Woche des Gehirns in Basel 2019, 18. M\u00e4rz-22. M\u00e4rz<\/strong><br \/><a href=\"http:\/\/www.neuronetwork.unibas.ch\/brainweek19\/index.html\">www.neuronetwork.unibas.ch\/brainweek19\/index.html<\/a><\/p><p><strong>Woche des Gehirns Bern<\/strong><br \/><a href=\"http:\/\/www.neuroscience.unibe.ch\/brainweek_bern\/\">http:\/\/www.neuroscience.unibe.ch\/brainweek_bern\/<\/a><\/p><p><strong>Fragile Suisse<\/strong><br \/><a href=\"http:\/\/www.neuroscience.unibe.ch\/brainweek_bern\/\">http:\/\/www.fragile.ch\/<\/a><\/p><p><strong>Kompetenzzentrum f\u00fcr Plastizit\u00e4t im Alter \/ INAPIC, UNI ZH<\/strong><br \/><a href=\"http:\/\/www.inapic.uzh.ch\/index_de.html\">http:\/\/www.inapic.uzh.ch\/index_de.html<\/a><\/p><p><strong>Lehrberatung 40+<\/strong><br \/><a href=\"http:\/\/www.psychologie.uzh.ch\/fachrichtungen\/geronto\/Lern-Trainingsberatung.html\">http:\/\/www.psychologie.uzh.ch\/fachrichtungen\/geronto\/Lern-Trainingsberatung.html<\/a><\/p><p><strong>Schweizerische Hirnliga<\/strong><br \/><a href=\"http:\/\/hirnliga.ch\/\">http:\/\/hirnliga.ch\/<\/a><\/p><p><strong>SVEB Schweizerischer Verband f\u00fcr Weiterbildung<\/strong><br \/><a href=\"http:\/\/www.alice.ch\/\">http:\/\/www.alice.ch\/<\/a><\/p><\/div>\n\t\t\t\t<\/div>\n\t\t\t\t<\/div>\n\t\t\t\t\t\t<\/div>\n\t\t\t\t\t<\/div>\n\t\t<\/div>\n\t\t\t\t\t\t\t\t<\/div>\n\t\t\t\t\t<\/div>\n\t\t<\/section>\n\t\t\t\t\t\t<\/div>\n\t\t\t\t\t<\/div>\n\t\t<\/div>\n\t\t\t\t\t\t\t\t<\/div>\n\t\t\t\t\t<\/div>\n\t\t<\/section>\n\t\t\t\t<section class=\"elementor-section elementor-top-section elementor-element elementor-element-0956c21 elementor-section-boxed elementor-section-height-default elementor-section-height-default\" data-id=\"0956c21\" data-element_type=\"section\">\n\t\t\t\t\t\t<div class=\"elementor-container elementor-column-gap-default\">\n\t\t\t\t\t\t\t<div class=\"elementor-row\">\n\t\t\t\t\t<div class=\"elementor-column elementor-col-100 elementor-top-column elementor-element elementor-element-9992052\" data-id=\"9992052\" data-element_type=\"column\">\n\t\t\t<div class=\"elementor-column-wrap elementor-element-populated\">\n\t\t\t\t\t\t\t<div class=\"elementor-widget-wrap\">\n\t\t\t\t\t\t<div class=\"elementor-element elementor-element-0a16e93 elementor-widget-divider--view-line elementor-widget elementor-widget-divider\" data-id=\"0a16e93\" data-element_type=\"widget\" data-widget_type=\"divider.default\">\n\t\t\t\t<div class=\"elementor-widget-container\">\n\t\t\t\t\t<div class=\"elementor-divider\">\n\t\t\t<span class=\"elementor-divider-separator\">\n\t\t\t\t\t\t<\/span>\n\t\t<\/div>\n\t\t\t\t<\/div>\n\t\t\t\t<\/div>\n\t\t\t\t\t\t<\/div>\n\t\t\t\t\t<\/div>\n\t\t<\/div>\n\t\t\t\t\t\t\t\t<\/div>\n\t\t\t\t\t<\/div>\n\t\t<\/section>\n\t\t\t\t<section class=\"elementor-section elementor-top-section elementor-element elementor-element-c06df88 elementor-section-boxed elementor-section-height-default elementor-section-height-default\" data-id=\"c06df88\" data-element_type=\"section\">\n\t\t\t\t\t\t<div class=\"elementor-container elementor-column-gap-default\">\n\t\t\t\t\t\t\t<div class=\"elementor-row\">\n\t\t\t\t\t<div class=\"elementor-column elementor-col-50 elementor-top-column elementor-element elementor-element-80d5d81\" data-id=\"80d5d81\" data-element_type=\"column\">\n\t\t\t<div class=\"elementor-column-wrap elementor-element-populated\">\n\t\t\t\t\t\t\t<div class=\"elementor-widget-wrap\">\n\t\t\t\t\t\t<div class=\"elementor-element elementor-element-de5a9b3 animated-slow elementor-invisible elementor-widget elementor-widget-image\" data-id=\"de5a9b3\" data-element_type=\"widget\" data-settings=\"{&quot;_animation&quot;:&quot;fadeInLeft&quot;,&quot;_animation_delay&quot;:10}\" data-widget_type=\"image.default\">\n\t\t\t\t<div class=\"elementor-widget-container\">\n\t\t\t\t\t<div class=\"elementor-image\">\n\t\t\t\t\t\t\t\t\t\t<img width=\"181\" height=\"300\" src=\"https:\/\/www.hirn-und-ohr.ch\/wp-content\/uploads\/2019\/01\/ohr-181x300.jpg\" class=\"attachment-medium size-medium\" alt=\"\" loading=\"lazy\" srcset=\"https:\/\/www.hirn-und-ohr.ch\/wp-content\/uploads\/2019\/01\/ohr-181x300.jpg 181w, https:\/\/www.hirn-und-ohr.ch\/wp-content\/uploads\/2019\/01\/ohr.jpg 616w\" sizes=\"(max-width: 181px) 100vw, 181px\" \/>\t\t\t\t\t\t\t\t\t\t\t<\/div>\n\t\t\t\t<\/div>\n\t\t\t\t<\/div>\n\t\t\t\t\t\t<\/div>\n\t\t\t\t\t<\/div>\n\t\t<\/div>\n\t\t\t\t<div class=\"elementor-column elementor-col-50 elementor-top-column elementor-element elementor-element-533f2c1\" data-id=\"533f2c1\" data-element_type=\"column\">\n\t\t\t<div class=\"elementor-column-wrap elementor-element-populated\">\n\t\t\t\t\t\t\t<div class=\"elementor-widget-wrap\">\n\t\t\t\t\t\t<section class=\"elementor-section elementor-inner-section elementor-element elementor-element-54896fb elementor-section-boxed elementor-section-height-default elementor-section-height-default\" data-id=\"54896fb\" data-element_type=\"section\">\n\t\t\t\t\t\t<div class=\"elementor-container elementor-column-gap-default\">\n\t\t\t\t\t\t\t<div class=\"elementor-row\">\n\t\t\t\t\t<div class=\"elementor-column elementor-col-100 elementor-inner-column elementor-element elementor-element-2517ea4\" data-id=\"2517ea4\" data-element_type=\"column\">\n\t\t\t<div class=\"elementor-column-wrap elementor-element-populated\">\n\t\t\t\t\t\t\t<div class=\"elementor-widget-wrap\">\n\t\t\t\t\t\t<div class=\"elementor-element elementor-element-55f2f84 elementor-invisible elementor-widget elementor-widget-text-editor\" data-id=\"55f2f84\" data-element_type=\"widget\" data-settings=\"{&quot;_animation&quot;:&quot;fadeInRight&quot;}\" data-widget_type=\"text-editor.default\">\n\t\t\t\t<div class=\"elementor-widget-container\">\n\t\t\t\t\t<div class=\"elementor-text-editor elementor-clearfix\"><p><strong>BH<\/strong><b>P Schweiz, Berufsverband Berufsgruppe Audioagogik<\/b><br \/><a href=\"http:\/\/www.bhp-schweiz.jimdo.com\">www.bhp-schweiz.jimdo.com<\/a><\/p><p><b>Dolmetscherdienst \u2013Kommunikationshilfen f\u00fcr H\u00f6rgesch\u00e4digte<\/b><br \/><a href=\"http:\/\/www.procom-deaf.ch\">www.procom-deaf.ch<\/a><\/p><p><b>DIMA Sprachschule \u2013 Bildung, Kommunikation und Integration f\u00fcr Geh\u00f6rlose und Schwerh\u00f6rige<\/b><br \/><a href=\"http:\/\/www.dima-glz.ch\">www.dima-glz.ch<\/a><\/p><p><b>Schweizerischer Zentralverein f\u00fcr das Blindenwesen<\/b><br \/><a href=\"http:\/\/www.szb.ch\">www.szb.ch<\/a><\/p><p><b>SZBLIND Beratungsstellen f\u00fcr h\u00f6rsehbehinderte &#8230; &#8211; benevol-jobs.ch<\/b><br \/><a href=\"http:\/\/www.benevol-jobs.ch\">www.benevol-jobs.ch<\/a><\/p><p><strong>Usher-Infostelle<\/strong><br \/><a href=\"http:\/\/www.sgb-fss.ch\">www.sgb-fss.ch<\/a><\/p><p><strong>H\u00f6rberatung pro-audito schweiz<\/strong><br \/><a href=\"http:\/\/www.neutrale-h\u00f6rberatung.ch\">www.neutrale-h\u00f6rberatung.ch<\/a><br \/>unabh\u00e4ngige, kostenfreie Beratung Hotline: 0800 400 333 (Mo-Fr 9 \u2013 13 h)<br \/>mit R\u00fcckrufservice<\/p><p><strong>CI Zentrum Basel<\/strong><br \/><a href=\"http:\/\/www.ci-basel.ch\">www.ci-basel.ch<\/a><\/p><p><strong>Geh\u00f6rlosenfachstelle Basel<\/strong><br \/><a href=\"http:\/\/www.bilinqual-basel.ch\">www.bilinqual-basel.ch<\/a><\/p><p><strong>Interkantonale Hochschule f\u00fcr Heilp\u00e4dagogik<\/strong><br \/><a href=\"http:\/\/www.hfh.ch\">www.hfh.ch<\/a><\/p><p><strong>LHK Schweiz<\/strong><br \/><strong>Lautsprachlich kommunizierende H\u00f6rgesch\u00e4digte Schweiz<\/strong><br \/><a href=\"http:\/\/www.lhk.ch\">www.lhk.ch<\/a><\/p><p><strong>Sonos<\/strong><br \/><strong>Schweizerischer Verband f\u00fcr Geh\u00f6rlosen- und H\u00f6rgesch\u00e4digten-Organisationen<\/strong><br \/><a href=\"http:\/\/www.sonos.com\">www.sonos.com<\/a><\/p><p><strong>jugeh\u00f6rig<\/strong><br \/><strong>Verein f\u00fcr junge Geh\u00f6rlose und Schwerh\u00f6rige<\/strong><br \/><a href=\"http:\/\/www.jugehoerig.ch\">www.jugehoerig.ch<\/a><\/p><\/div>\n\t\t\t\t<\/div>\n\t\t\t\t<\/div>\n\t\t\t\t\t\t<\/div>\n\t\t\t\t\t<\/div>\n\t\t<\/div>\n\t\t\t\t\t\t\t\t<\/div>\n\t\t\t\t\t<\/div>\n\t\t<\/section>\n\t\t\t\t\t\t<\/div>\n\t\t\t\t\t<\/div>\n\t\t<\/div>\n\t\t\t\t\t\t\t\t<\/div>\n\t\t\t\t\t<\/div>\n\t\t<\/section>\n\t\t\t\t\t\t<\/div>\n\t\t\t\t\t\t<\/div>\n\t\t\t\t\t<\/div>\n\t\t","protected":false},"excerpt":{"rendered":"<p>Links Ged\u00e4chtnistrainerin &#8211; Schweizerischer Verband f\u00fcr Ged\u00e4chtnistraining SVGTDer Schweizerische\u00a0Verband f\u00fcr Ged\u00e4chtnistraining (SVGT) istdie Schweizer Fachstelle f\u00fcr die F\u00f6rderung und Verbreitung des ganzheitlichen Ged\u00e4chtnistrainings in der Schweiz. \u00a0 www.gedaechtnistraining.ch Alzheimer Vereinigunghttp:\/\/www.alz.ch Schweizerische Parkinson Vereinigunghttp:\/\/www.parkinson.ch\/ 22. internationale Woche des Gehirns in Basel 2019, 18. M\u00e4rz-22. M\u00e4rzwww.neuronetwork.unibas.ch\/brainweek19\/index.html Woche des Gehirns Bernhttp:\/\/www.neuroscience.unibe.ch\/brainweek_bern\/ Fragile Suissehttp:\/\/www.fragile.ch\/ Kompetenzzentrum f\u00fcr Plastizit\u00e4t im Alter [&hellip;]<\/p>\n","protected":false},"author":1,"featured_media":0,"parent":0,"menu_order":0,"comment_status":"closed","ping_status":"closed","template":"","meta":[],"_links":{"self":[{"href":"https:\/\/www.hirn-und-ohr.ch\/index.php?rest_route=\/wp\/v2\/pages\/63"}],"collection":[{"href":"https:\/\/www.hirn-und-ohr.ch\/index.php?rest_route=\/wp\/v2\/pages"}],"about":[{"href":"https:\/\/www.hirn-und-ohr.ch\/index.php?rest_route=\/wp\/v2\/types\/page"}],"author":[{"embeddable":true,"href":"https:\/\/www.hirn-und-ohr.ch\/index.php?rest_route=\/wp\/v2\/users\/1"}],"replies":[{"embeddable":true,"href":"https:\/\/www.hirn-und-ohr.ch\/index.php?rest_route=%2Fwp%2Fv2%2Fcomments&post=63"}],"version-history":[{"count":12,"href":"https:\/\/www.hirn-und-ohr.ch\/index.php?rest_route=\/wp\/v2\/pages\/63\/revisions"}],"predecessor-version":[{"id":231,"href":"https:\/\/www.hirn-und-ohr.ch\/index.php?rest_route=\/wp\/v2\/pages\/63\/revisions\/231"}],"wp:attachment":[{"href":"https:\/\/www.hirn-und-ohr.ch\/index.php?rest_route=%2Fwp%2Fv2%2Fmedia&parent=63"}],"curies":[{"name":"wp","href":"https:\/\/api.w.org\/{rel}","templated":true}]}}